{"id":1699,"date":"2021-05-10T11:10:59","date_gmt":"2021-05-10T11:10:59","guid":{"rendered":"https:\/\/www.dirkshoeve.nl\/home\/"},"modified":"2025-11-05T15:54:51","modified_gmt":"2025-11-05T15:54:51","slug":"home","status":"publish","type":"page","link":"https:\/\/www.dirkshoeve.nl\/de\/","title":{"rendered":"Home"},"content":{"rendered":"\n<h2  data-animation-delay=\"0\" data-animation-duration=\"5\">\n\t\t\tWillkommen in Bungalowpark Dirkshoeve\t<\/h2>\n\t<p>Bungalowpark Dirkshoeve liegt inmitten der typischen Polderlandschaft von Nordholland im Zentrum des Dorfes Dirkshorn. Der ruhige und ger\u00e4umige Park mit viel Gr\u00fcn ist eine ideale Umgebung f\u00fcr die Erholung.<\/p>\n\t<p>Bungalowpark Dirkshoeve wird seit den 60er Jahren von der Familie Kroone gef\u00fchrt. Familien kommen hier zusammen, um die Ruhe und den Raum zu genie\u00dfen, den der Park und die Umgebung bieten. Die Lage in der N\u00e4he des Meeres, des Strandes und der D\u00fcnen l\u00e4dt zu sch\u00f6nen Wander- und Radtouren ein. Mit seiner Umgebung, die f\u00fcr ihren Panoramablick, Tulpenfelder, Windm\u00fchlen, sch\u00f6ne D\u00f6rfer und St\u00e4dte bekannt ist, ist Bungalowpark Dirkshoeve ein idealer Ausgangspunkt f\u00fcr viele interessante und angenehme Ausfl\u00fcge.<\/p>\n\t\t\t\t<a href=\"https:\/\/www.dirkshoeve.nl\/wp-content\/uploads\/PAG2-OVERZICHT-bijgesneden-scaled-e1617726091750.jpg\"  target=\"_self\" itemprop=\"url\">\n\t\t\t\t<img decoding=\"async\" src=\"https:\/\/www.dirkshoeve.nl\/wp-content\/uploads\/PAG2-OVERZICHT-bijgesneden-scaled-e1617726091750.jpg\" alt=\"Bungalowpark Dirkshoeve\" itemprop=\"image\" height=\"474\" width=\"900\" title=\"BPD\" onerror=\"this.style.display='none'\" loading='lazy' \/>\n\t\t\t\t<\/a>\n\t\t\t\t<a href=\"https:\/\/www.dirkshoeve.nl\/wp-content\/uploads\/DJI_0161-scaled-e1652703943879.jpg\"  target=\"_self\" itemprop=\"url\">\n\t\t\t\t<img decoding=\"async\" src=\"https:\/\/www.dirkshoeve.nl\/wp-content\/uploads\/DJI_0161-scaled-e1652703943879.jpg\" alt=\"created by dji camera\" itemprop=\"image\" height=\"1439\" width=\"2560\" title=\"created by dji camera\" onerror=\"this.style.display='none'\" loading='lazy' \/>\n\t\t\t\t<\/a>\n\t\t\t\t<img decoding=\"async\" src=\"https:\/\/www.dirkshoeve.nl\/wp-content\/plugins\/beaver-builder-lite-version\/img\/pixel.png\" alt=\"\" itemprop=\"image\" onerror=\"this.style.display='none'\" loading='lazy' \/>\n\t\t\t\t<img decoding=\"async\" src=\"https:\/\/www.dirkshoeve.nl\/wp-content\/uploads\/20220508_153836-scaled-e1652703996253.jpg\" alt=\"20220508_153836\" itemprop=\"image\" height=\"1441\" width=\"2560\" title=\"20220508_153836\" onerror=\"this.style.display='none'\" loading='lazy' \/>\n\t\t\t\t<a href=\"https:\/\/www.dirkshoeve.nl\/wp-content\/uploads\/DJI_0172-scaled-e1652703900321.jpg\"  target=\"_self\" itemprop=\"url\">\n\t\t\t\t<img decoding=\"async\" src=\"https:\/\/www.dirkshoeve.nl\/wp-content\/uploads\/DJI_0172-scaled-e1652703900321.jpg\" alt=\"created by dji camera\" itemprop=\"image\" height=\"1439\" width=\"2560\" title=\"created by dji camera\" onerror=\"this.style.display='none'\" loading='lazy' \/>\n\t\t\t\t<\/a>\n\t<p><strong>Dirkshoeve baut nachhaltig<\/strong><br \/>Bungalowpark Dirkshoeve befindet sich st\u00e4ndig in der Entwicklung. Mit der Realisierung von 18 Luxus Ferienvillen bietet Dirkshoeve Ihnen ein hohes Ma\u00df an Erholung in Nordholland. Der Neubau im Park ist ein Beispiel f\u00fcr Innovation im Bereich der nachhaltigen Erholung. Unser Geheimnis? Eine innovative Bauweise aus expandiertem Polystyrol (EPS) und Light Weight Steel (LWS). Dies, in Kombination mit einem moderne gasfreie Verw\u00e4rmungsanlage (W\u00e4rmepumpe) mit W\u00e4rmer\u00fcckgewinnung aus Ventilationsluft (WTW) und Sonnenkollektoren garantiert ein sehr energieeffizientes Haus und eine komfortabele Aufenthalt.<\/p>\n<strong>Verkauf Luxus Ferienvillen auf einem 50-j\u00e4hrigen Erbpacht ab \u20ac 265.000 frei auf Namen exklusive MwSt.<br \/>\n<\/strong><strong>Die Ferienvillen sind standardm\u00e4\u00dfig mit zwei Badezimmern ausgestattet. Weitere Informationen finden Sie \u00fcber den unterstehenden Link.<\/strong>\n<h4>\n\t\t\tG\u00f6nnen Sie sich Ruhe und Raum im Bungalowpark Dirkshoeve.\t<\/h4>\n\n","protected":false},"excerpt":{"rendered":"<p>Willkommen in Bungalowpark Dirkshoeve Bungalowpark Dirkshoeve liegt inmitten der typischen Polderlandschaft von Nordholland im Zentrum des Dorfes Dirkshorn. Der ruhige und ger\u00e4umige Park mit viel Gr\u00fcn ist eine ideale Umgebung f\u00fcr die Erholung. Bungalowpark Dirkshoeve wird seit den 60er Jahren von der Familie Kroone gef\u00fchrt. Familien kommen hier zusammen, um die Ruhe und den Raum [&hellip;]<\/p>\n","protected":false},"author":2,"featured_media":0,"parent":0,"menu_order":0,"comment_status":"closed","ping_status":"closed","template":"","meta":{"_uag_custom_page_level_css":"","site-sidebar-layout":"no-sidebar","site-content-layout":"default","ast-site-content-layout":"default","site-content-style":"default","site-sidebar-style":"default","ast-global-header-display":"","ast-banner-title-visibility":"","ast-main-header-display":"","ast-hfb-above-header-display":"","ast-hfb-below-header-display":"","ast-hfb-mobile-header-display":"","site-post-title":"disabled","ast-breadcrumbs-content":"","ast-featured-img":"","footer-sml-layout":"","ast-disable-related-posts":"","theme-transparent-header-meta":"default","adv-header-id-meta":"","stick-header-meta":"","header-above-stick-meta":"","header-main-stick-meta":"","header-below-stick-meta":"","astra-migrate-meta-layouts":"default","ast-page-background-enabled":"default","ast-page-background-meta":{"desktop":{"background-color":"","background-image":"","background-repeat":"repeat","background-position":"center center","background-size":"auto","background-attachment":"scroll","background-type":"","background-media":"","overlay-type":"","overlay-color":"","overlay-opacity":"","overlay-gradient":""},"tablet":{"background-color":"","background-image":"","background-repeat":"repeat","background-position":"center center","background-size":"auto","background-attachment":"scroll","background-type":"","background-media":"","overlay-type":"","overlay-color":"","overlay-opacity":"","overlay-gradient":""},"mobile":{"background-color":"","background-image":"","background-repeat":"repeat","background-position":"center center","background-size":"auto","background-attachment":"scroll","background-type":"","background-media":"","overlay-type":"","overlay-color":"","overlay-opacity":"","overlay-gradient":""}},"ast-content-background-meta":{"desktop":{"background-color":"var(--ast-global-color-5)","background-image":"","background-repeat":"repeat","background-position":"center center","background-size":"auto","background-attachment":"scroll","background-type":"","background-media":"","overlay-type":"","overlay-color":"","overlay-opacity":"","overlay-gradient":""},"tablet":{"background-color":"var(--ast-global-color-5)","background-image":"","background-repeat":"repeat","background-position":"center center","background-size":"auto","background-attachment":"scroll","background-type":"","background-media":"","overlay-type":"","overlay-color":"","overlay-opacity":"","overlay-gradient":""},"mobile":{"background-color":"var(--ast-global-color-5)","background-image":"","background-repeat":"repeat","background-position":"center center","background-size":"auto","background-attachment":"scroll","background-type":"","background-media":"","overlay-type":"","overlay-color":"","overlay-opacity":"","overlay-gradient":""}},"footnotes":""},"class_list":["post-1699","page","type-page","status-publish","hentry"],"uagb_featured_image_src":{"full":false,"thumbnail":false,"medium":false,"medium_large":false,"large":false,"1536x1536":false,"2048x2048":false},"uagb_author_info":{"display_name":false,"author_link":"https:\/\/www.dirkshoeve.nl\/de\/author\/kirsten\/"},"uagb_comment_info":0,"uagb_excerpt":"Willkommen in Bungalowpark Dirkshoeve Bungalowpark Dirkshoeve liegt inmitten der typischen Polderlandschaft von Nordholland im Zentrum des Dorfes Dirkshorn. Der ruhige und ger\u00e4umige Park mit viel Gr\u00fcn ist eine ideale Umgebung f\u00fcr die Erholung. Bungalowpark Dirkshoeve wird seit den 60er Jahren von der Familie Kroone gef\u00fchrt. Familien kommen hier zusammen, um die Ruhe und den Raum&hellip;","_links":{"self":[{"href":"https:\/\/www.dirkshoeve.nl\/de\/wp-json\/wp\/v2\/pages\/1699","targetHints":{"allow":["GET"]}}],"collection":[{"href":"https:\/\/www.dirkshoeve.nl\/de\/wp-json\/wp\/v2\/pages"}],"about":[{"href":"https:\/\/www.dirkshoeve.nl\/de\/wp-json\/wp\/v2\/types\/page"}],"author":[{"embeddable":true,"href":"https:\/\/www.dirkshoeve.nl\/de\/wp-json\/wp\/v2\/users\/2"}],"replies":[{"embeddable":true,"href":"https:\/\/www.dirkshoeve.nl\/de\/wp-json\/wp\/v2\/comments?post=1699"}],"version-history":[{"count":13,"href":"https:\/\/www.dirkshoeve.nl\/de\/wp-json\/wp\/v2\/pages\/1699\/revisions"}],"predecessor-version":[{"id":4747,"href":"https:\/\/www.dirkshoeve.nl\/de\/wp-json\/wp\/v2\/pages\/1699\/revisions\/4747"}],"wp:attachment":[{"href":"https:\/\/www.dirkshoeve.nl\/de\/wp-json\/wp\/v2\/media?parent=1699"}],"curies":[{"name":"wp","href":"https:\/\/api.w.org\/{rel}","templated":true}]}}