{"id":1710,"date":"2021-05-10T11:36:36","date_gmt":"2021-05-10T11:36:36","guid":{"rendered":"https:\/\/www.dirkshoeve.nl\/verkauf\/"},"modified":"2025-11-05T13:05:38","modified_gmt":"2025-11-05T13:05:38","slug":"verkauf","status":"publish","type":"page","link":"https:\/\/www.dirkshoeve.nl\/de\/verkauf\/","title":{"rendered":"Verkauf"},"content":{"rendered":"\n<h2>\n\t\tVerkauf\n\t<\/h2>\n\t<strong>Neu gebaute Luxus Ferienvillen<\/strong><br \/>\nDer Verkauf von 18 Luxus Ferienvillen hat angefangen. F\u00fcr weitere Informationen klicken Sie auf den folgenden Link.\n\t\t\t\t\t\t\t\t\t\t\t\t<h2>Luxus Ferienvillen<\/h2>\n\t\t\t\t\t\t<h5>18 Villen | Grundst\u00fccke 400 bis 600 m2<\/h5>\t\t\t\t\t\n\t\t\t<!-- END .front -->\n\t\t\t\t\t\t\t\t\t\t<h2>6 Villen verkauft<\/h2>\n\t\t\t\t\t\t<h5>4 Typen | Wohnfl\u00e4che bis 120 m2<\/h5>\n<h4><a href=\"https:\/\/www.dirkshoeve.nl\/de\/neubau\/\">Klicke hier<\/a><\/h4>\t\t\t\t\t\n\t\t\t<!-- END .back -->\n\t\t <!-- ifb-flip-box -->\n\t <!-- flip-box -->\n\t<strong>Bestehende Ferienh\u00e4user und Baugrundst\u00fccke<\/strong><br \/>\nAuf Bungalowpark Dirkshoeve werden regelm\u00e4\u00dfig bereits bestehende Ferienh\u00e4user und Baugrundst\u00fccke zum Verkauf angeboten. Wenn Ferienh\u00e4user und\/oder Baugrundst\u00fccke zum Verkauf angeboten werden, finden Sie das aktuelle Angebot unten.\n\t<style type=\"text\/css\"> #gw_go_portfolio_verkoopbestaandebouw .gw-gopf-posts-wrap-inner { margin-left:-30px;margin-top:-30px; } #gw_go_portfolio_verkoopbestaandebouw .gw-gopf-filter-opacity .gw-gopf-col-wrap.gw-gopf-disabled { filter:alpha(opacity=30) !important;-ms-filter:\"progid:DXImageTransform.Microsoft.Alpha(Opacity=30)\" !important;-khtml-opacity:0.3 !important;-moz-opacity:0.3 !important;opacity:0.3 !important; } #gw_go_portfolio_verkoopbestaandebouw .gw-gopf-post-col { margin-left:30px;margin-top:30px; } #gw_go_portfolio_verkoopbestaandebouw .gw-gopf-cats { margin-bottom:20px !important; } #gw_go_portfolio_verkoopbestaandebouw .gw-gopf-filter { margin-left:-6px; } #gw_go_portfolio_verkoopbestaandebouw .gw-gopf-cats > span { margin-left:6px; } #gw_go_portfolio_verkoopbestaandebouw .gw-gopf-slider-controls > div { margin-bottom:20px; } #gw_go_portfolio_verkoopbestaandebouw .gw-gopf-slider-controls > div { margin-left:6px; } #gw_go_portfolio_verkoopbestaandebouw .gw-gopf-post-overlay-bg { background-color:#333333; } #gw_go_portfolio_verkoopbestaandebouw .gw-gopf-post-overlay-bg { filter:alpha(opacity=30);-ms-filter:\"progid:DXImageTransform.Microsoft.Alpha(Opacity=30)\";-khtml-opacity:0.3;-moz-opacity:0.3;opacity:0.3; } #gw_go_portfolio_verkoopbestaandebouw .gw-gopf-post-content { text-align:left; } #gw_go_portfolio_verkoopbestaandebouw .gw-gopf-post-more { text-align:left; } #gw_go_portfolio_verkoopbestaandebouw .gw-gopf-pagination-wrapper { padding-top:20px; } #gw_go_portfolio_verkoopbestaandebouw .gw-gopf-post-media-wrap img { left:50%;top:50%;-ms-transform: translateX(-50%) translateY(-50%) translateZ(0);transform: translateX(-50%) translateY(-50%) translateZ(0); } #gw_go_portfolio_verkoopbestaandebouw .gw-gopf-post-media-wrap { background-position: 50% 50%; } #gw_go_portfolio_verkoopbestaandebouw .gw-gopf-style-vario .gw-gopf-btn {color:#ffffff;background:#8daa62;-moz-border-radius:0px;-webkit-border-radius:0px;border-radius:0px;display:inline-block;font-family:inherit;font-size:16px;height:29px;line-height:29px;padding:0 9px;position:relative;text-align:left;-moz-transition:color 0.08s ease-in-out, background-color 0.08s ease-in-out, border-color 0.08s ease-in-out;-ms-transition:color 0.08s ease-in-out, background-color 0.08s ease-in-out, border-color 0.08s ease-in-out;-o-transition:color 0.08s ease-in-out, background-color 0.08s ease-in-out, border-color 0.08s ease-in-out;-webkit-transition:color 0.08s ease-in-out, background-color 0.08s ease-in-out, border-color 0.08s ease-in-out;transition:color 0.08s ease-in-out, background-color 0.08s ease-in-out, border-color 0.08s ease-in-out;text-decoration:none !important;} #gw_go_portfolio_verkoopbestaandebouw .gw-gopf-style-vario a.gw-gopf-btn.gw-gopf-btn-outlined {color:#8daa62;background:transparent;border:solid 1px #8daa62;height:27px;line-height:27px;padding:0 8px;} #gw_go_portfolio_verkoopbestaandebouw .gw-gopf-style-vario a.gw-gopf-btn:hover {color:#ffffff;background:#1c3664;} #gw_go_portfolio_verkoopbestaandebouw .gw-gopf-style-vario a.gw-gopf-btn.gw-gopf-btn-outlined:hover {color:#1c3664;background:transparent;border-color:#1c3664;} #gw_go_portfolio_verkoopbestaandebouw .gw-gopf-style-vario a.gw-gopf-circle {-moz-border-radius:22px;-webkit-border-radius:22px;border-radius:22px;display:inline-block;height:44px;line-height:44px;position: relative;margin-left:3px;margin-right:3px;-moz-transition:color 0.08s ease-in-out, background-color 0.08s ease-in-out, border-color 0.08s ease-in-out;-ms-transition:color 0.08s ease-in-out, background-color 0.08s ease-in-out, border-color 0.08s ease-in-out;-o-transition:color 0.08s ease-in-out, background-color 0.08s ease-in-out, border-color 0.08s ease-in-out;-webkit-transition:color 0.08s ease-in-out, background-color 0.08s ease-in-out, border-color 0.08s ease-in-out;transition:color 0.08s ease-in-out, background-color 0.08s ease-in-out, border-color 0.08s ease-in-out;width:44px;} #gw_go_portfolio_verkoopbestaandebouw .gw-gopf-style-vario .gw-gopf-cats > span a {background:#1c3664;-moz-border-radius:0px;-webkit-border-radius:0px;border-radius:0px;color:#ffffff;display:block;font-family:inherit;font-size:16px;height:29px;line-height:29px;padding:0 10px;text-decoration:none;-moz-transition:color 0.08s ease-in-out, background-color 0.08s ease-in-out, border-color 0.08s ease-in-out;-ms-transition:color 0.08s ease-in-out, background-color 0.08s ease-in-out, border-color 0.08s ease-in-out;-o-transition:color 0.08s ease-in-out, background-color 0.08s ease-in-out, border-color 0.08s ease-in-out;-webkit-transition:color 0.08s ease-in-out, background-color 0.08s ease-in-out, border-color 0.08s ease-in-out;transition:color 0.08s ease-in-out, background-color 0.08s ease-in-out, border-color 0.08s ease-in-out;} #gw_go_portfolio_verkoopbestaandebouw .gw-gopf-style-vario .gw-gopf-cats > span a.gw-gopf-btn-outlined {color:#1c3664;background:transparent;border:solid 1px #1c3664;height:27px;line-height:27px;padding:0 8px;} #gw_go_portfolio_verkoopbestaandebouw .gw-gopf-style-vario .gw-gopf-cats > span.gw-gopf-current a { background:#8daa62;} #gw_go_portfolio_verkoopbestaandebouw .gw-gopf-style-vario .gw-gopf-cats > span.gw-gopf-current a.gw-gopf-btn-outlined  { background:transparent;border-color:#8daa62;color:#8daa62;} #gw_go_portfolio_verkoopbestaandebouw .gw-gopf-style-vario .gw-gopf-cats > span a:hover { background:#787878;} #gw_go_portfolio_verkoopbestaandebouw .gw-gopf-style-vario .gw-gopf-cats > span a.gw-gopf-btn-outlined:hover { background:transparent;border-color:#787878;color:#787878;} #gw_go_portfolio_verkoopbestaandebouw .gw-gopf-style-vario .gw-gopf-slider-controls > div a {background:#8daa62;-moz-border-radius:0px;-webkit-border-radius:0px;border-radius:0px;color:#ffffff;display:table-cell;height:29px;text-decoration:none;-moz-transition:color 0.08s ease-in-out, background-color 0.08s ease-in-out, border-color 0.08s ease-in-out;-ms-transition:color 0.08s ease-in-out, background-color 0.08s ease-in-out, border-color 0.08s ease-in-out;-o-transition:color 0.08s ease-in-out, background-color 0.08s ease-in-out, border-color 0.08s ease-in-out;-webkit-transition:color 0.08s ease-in-out, background-color 0.08s ease-in-out, border-color 0.08s ease-in-out;transition:color 0.08s ease-in-out, background-color 0.08s ease-in-out, border-color 0.08s ease-in-out;vertical-align:middle;width:28px;} #gw_go_portfolio_verkoopbestaandebouw .gw-gopf-style-vario .gw-gopf-slider-controls > div a:hover {background:#1c3664;} #gw_go_portfolio_verkoopbestaandebouw .gw-gopf-style-vario .gw-gopf-slider-controls > div a.disabled {background:#1c3664;} #gw_go_portfolio_verkoopbestaandebouw .gw-gopf-style-vario a.gw-gopf-pagination-load-more {background:#1c3664;-moz-border-radius:0px;-webkit-border-radius:0px;border-radius:0px;color:#ffffff;display:inline-block;font-family:inherit;font-size:16px;height:29px;line-height:29px;padding:0 10px;text-decoration:none;-moz-transition:color 0.08s ease-in-out, background-color 0.08s ease-in-out, border-color 0.08s ease-in-out;-ms-transition:color 0.08s ease-in-out, background-color 0.08s ease-in-out, border-color 0.08s ease-in-out;-o-transition:color 0.08s ease-in-out, background-color 0.08s ease-in-out, border-color 0.08s ease-in-out;-webkit-transition:color 0.08s ease-in-out, background-color 0.08s ease-in-out, border-color 0.08s ease-in-out;transition:color 0.08s ease-in-out, background-color 0.08s ease-in-out, border-color 0.08s ease-in-out;} #gw_go_portfolio_verkoopbestaandebouw .gw-gopf-style-vario a.gw-gopf-pagination-load-more.gw-gopf-btn-outlined {color:#1c3664;background:transparent;border:solid 1px #1c3664;height:27px;line-height:27px;padding:0 8px;} #gw_go_portfolio_verkoopbestaandebouw .gw-gopf-style-vario a.gw-gopf-pagination-load-more:hover { background:#787878;} #gw_go_portfolio_verkoopbestaandebouw .gw-gopf-style-vario a.gw-gopf-pagination-load-more.gw-gopf-btn-outlined:hover { background:transparent;border-color:#787878;color:#787878;} #gw_go_portfolio_verkoopbestaandebouw .gw-gopf-style-vario .gw-gopf-post {-moz-border-radius:0px;-webkit-border-radius:0px;border-radius:0px;-moz-box-shadow:0 0 0px 0px rgba(0,0,0,0);-o-box-shadow:0 0 0px 0px rgba(0,0,0,0);-webkit-box-shadow:0 0 0px 0px rgba(0,0,0,0);box-shadow:0 0 0px 0px rgba(0,0,0,0);overflow:hidden;} #gw_go_portfolio_verkoopbestaandebouw .gw-gopf-style-vario .gw-gopf-post-media-wrap {-moz-border-radius-topleft:0px;-moz-border-radius-topright:0px;-webkit-border-top-left-radius:0px;-webkit-border-top-right-radius:0px;border-top-left-radius:0px;border-top-right-radius:0px;} #gw_go_portfolio_verkoopbestaandebouw .gw-gopf-style-vario .gw-gopf-post-overlay-bg {-moz-border-radius-topleft:0px;-moz-border-radius-topright:0px;-webkit-border-top-left-radius:0px;-webkit-border-top-right-radius:0px;border-top-left-radius:0px;border-top-right-radius:0px;} #gw_go_portfolio_verkoopbestaandebouw .gw-gopf-style-vario a.gw-gopf-post-overlay-circle { background:#8daa62;} #gw_go_portfolio_verkoopbestaandebouw .gw-gopf-style-vario a.gw-gopf-post-overlay-circle:hover { background:#1c3664;} #gw_go_portfolio_verkoopbestaandebouw .gw-gopf-style-vario a.gw-gopf-post-overlay-btn {background:#8daa62;margin-left:3px;margin-right:3px;} #gw_go_portfolio_verkoopbestaandebouw .gw-gopf-style-vario a.gw-gopf-post-overlay-btn.gw-gopf-btn-outlined  {background:transparent;border-color:#8daa62;color:#8daa62;} #gw_go_portfolio_verkoopbestaandebouw .gw-gopf-style-vario a.gw-gopf-post-overlay-btn:hover {background:#1c3664;} #gw_go_portfolio_verkoopbestaandebouw .gw-gopf-style-vario a.gw-gopf-post-overlay-btn.gw-gopf-btn-outlined:hover {background:transparent;border-color:#1c3664;color:#1c3664;} #gw_go_portfolio_verkoopbestaandebouw .gw-gopf-style-vario .gw-gopf-post-content-wrap:before { -moz-border-radius-bottomleft:0px;-moz-border-radius-bottomright:0px;-webkit-border-bottom-left-radius:0px;-webkit-border-bottom-right-radius:0px;border-bottom-left-radius:0px;border-bottom-right-radius:0px;background-color:#f5f5f5;opacity:1;} #gw_go_portfolio_verkoopbestaandebouw .gw-gopf-style-vario .gw-gopf-post-content { color:#1c3664;font-family:inherit;font-size:16px;line-height:24px;padding:20px;} #gw_go_portfolio_verkoopbestaandebouw .gw-gopf-style-vario .gw-gopf-post-content a {color:#8daa62;} #gw_go_portfolio_verkoopbestaandebouw .gw-gopf-style-vario .gw-gopf-post-content a:hover {color:#1c3664;} #gw_go_portfolio_verkoopbestaandebouw .gw-gopf-style-vario .gw-gopf-post-content h2 {color:#1c3664 !important;font-family:inherit !important;font-size:19px !important;line-height:24px !important;} #gw_go_portfolio_verkoopbestaandebouw .gw-gopf-style-vario .gw-gopf-post-content h2 a { color:inherit;font-size:inherit !important;line-height:inherit !important;} #gw_go_portfolio_verkoopbestaandebouw .gw-gopf-style-vario .gw-gopf-post-content h2 a:hover { color:#8daa62; } #gw_go_portfolio_verkoopbestaandebouw .gw-gopf-style-vario .gw-gopf-post-meta {color:#8daa62;font-family:inherit;font-size:1px;line-height:1px;} #gw_go_portfolio_verkoopbestaandebouw .gw-gopf-style-vario .gw-gopf-post-excerpt { font-family:inherit;font-size:16px;line-height:24px !important;margin-top:15px} #gw_go_portfolio_verkoopbestaandebouw .gw-gopf-style-vario .gw-gopf-post-excerpt p {font-family:inherit;font-size:16px;line-height:24px !important;margin:0 0 15px !important;padding:0 !important;} #gw_go_portfolio_verkoopbestaandebouw .gw-gopf-style-vario .gw-gopf-post-excerpt p:last-child { margin:0 !important;padding:0 !important;} #gw_go_portfolio_verkoopbestaandebouw .gw-gopf-style-vario .gw-gopf-post-more { margin-top:15px; } #gw_go_portfolio_verkoopbestaandebouw .gw-gopf-style-vario .gw-gopf-post-more a {color:#8daa62;font-size:16px;margin-top:15px;font-weight:bold;} #gw_go_portfolio_verkoopbestaandebouw .gw-gopf-style-vario .gw-gopf-post-more a:hover {color:#1c3664;font-size:16px;font-weight:bold;} #gw_go_portfolio_verkoopbestaandebouw .gw-gopf-style-vario .gw-gopf-post-more a.gw-gopf-btn {color:#ffffff;font-weight:normal;margin-top:-3px;} #gw_go_portfolio_verkoopbestaandebouw .gw-gopf-style-vario .gw-gopf-post-more a.gw-gopf-btn.gw-gopf-btn-outlined { color:#8daa62; } #gw_go_portfolio_verkoopbestaandebouw .gw-gopf-style-vario .gw-gopf-post-more a.gw-gopf-btn.gw-gopf-btn-outlined:hover { color:#1c3664; } #gw_go_portfolio_verkoopbestaandebouw .gw-gopf-style-vario .gw-gopf-post-more a.gw-gopf-btn { margin-left:10px } #gw_go_portfolio_verkoopbestaandebouw .gw-gopf-style-vario .gw-gopf-post-more a.gw-gopf-btn:first-child { margin-left:0; } #gw_go_portfolio_verkoopbestaandebouw .gw-gopf-style-vario .gw-gopf-post-content > *:first-child { margin-top:0 !important; } #gw_go_portfolio_verkoopbestaandebouw .gw-gopf-style-vario div.gw-gopf-post-highlight-box, #gw_go_portfolio_verkoopbestaandebouw  .gw-gopf-style-vario div.gw-gopf-post-highlight-box:first-child{background:#8daa62;padding:20px;margin:-20px -20px 20px !important;} #gw_go_portfolio_verkoopbestaandebouw .gw-gopf-style-vario .gw-gopf-post-highlight-box * { color:#ffffff !important;} #gw_go_portfolio_verkoopbestaandebouw .gw-gopf-style-vario .gw-gopf-post-highlight-box a:hover { color:#1c3664 !important;} #gw_go_portfolio_verkoopbestaandebouw .gw-gopf-style-vario .gw-gopf-woo-sale, #gw_go_portfolio_verkoopbestaandebouw  .gw-gopf-touch.gw-gopf-style-vario .gw-gopf-post:hover .gw-gopf-woo-sale {background:#8daa62;-moz-border-radius:22px;-webkit-border-radius:22px;border-radius:22px;color:#ffffff;display:inline-block;font-size:16px;height:44px;line-height:44px;position:absolute;right:10px;text-align:center;top:10px;-moz-transition:opacity 0.1s ease-in-out;-ms-transition:opacity 0.1s ease-in-out;-o-transition:opacity 0.1s ease-in-out;-webkit-transition:opacity 0.1s ease-in-out;transition:opacity 0.1s ease-in-out;width:44px;z-index:5;} #gw_go_portfolio_verkoopbestaandebouw .gw-gopf-style-vario .gw-gopf-post:hover .gw-gopf-woo-sale, #gw_go_portfolio_verkoopbestaandebouw .gw-gopf-touch.gw-gopf-style-vario .gw-gopf-current.gw-gopf-post .gw-gopf-woo-sale { filter:alpha(opacity=50); -ms-filter:\"progid:DXImageTransform.Microsoft.Alpha(Opacity=50)\"; -khtml-opacity:0.5; -moz-opacity:0.5; opacity:0.5; } #gw_go_portfolio_verkoopbestaandebouw .gw-gopf-style-vario .gw-gopf-post-woo-price {color:#8daa62;font-size:1px;font-weight:bold;line-height:1px;margin-top:15px;} #gw_go_portfolio_verkoopbestaandebouw .gw-gopf-style-vario .gw-gopf-post-woo-price del {background:none;color:#b8b8b8;font-size:19px;line-height:24px;margin-right:8px;text-decoration:line-through;} #gw_go_portfolio_verkoopbestaandebouw .gw-gopf-style-vario .gw-gopf-post-woo-price ins { background:none;text-decoration:none !important;}<\/style>\n<style type=\"text\/css\">#gw_go_portfolio_verkoopbestaandebouw .gw-gopf-style-vario .gw-gopf-post-content { color:((main_color_1)); font-family:((font_family_m)); font-size:((font_size_m))px; line-height:((line_height_m))px; padding:((post_padding))px; min-height: 240px;  }<\/style>\n<div id=\"gw_go_portfolio_verkoopbestaandebouw\" style=\"margin-top:0;margin-bottom:0;\"><div class=\"gw-gopf gw-gopf-no-trans gw-gopf-grid-type gw-gopf-3cols gw-gopf-style-vario  \" data-layout-mode=\"fitRows\"data-url=\"https:\/\/www.dirkshoeve.nl\/wp-admin\/admin-ajax.php\" data-id=\"60510ddcd4ae0\" data-cols=\"3\" data-rowspace=\"30\" data-rtl=\"false\" data-transenabled=\"true\" data-lbenabled=\"true\" data-lbgallery=\"true\" data-deep-linking=\"true\"  data-filter-type=\"isotope\"><div class=\"gw-gopf-posts-wrap\"><div class=\"gw-gopf-posts-wrap-inner\"><div class=\"gw-gopf-posts gw-gopf-clearfix\" data-col=\"3\"><\/div><\/div><\/div><div class=\"gw-gopf-clearfix\"><\/div><div class=\"gw-gopf-pagination-wrapper gw-gopf-clearfix\" data-posts=\"0\" data-posts-per-page=\"6\" data-loaded=\"\" data-pages=\"0\" data-current-page=\"1\" data-current-id=\"1710\"><\/div><\/div><\/div>\n\t<p>F\u00fcr weitere Informationen oder um einen Besichtigungstermin zu vereinbaren, kontaktieren Sie uns bitte \u00fcber das Kontaktformular.<\/p>\n\t\t\t<a href=\"http:\/\/www.dirkshoeve.nl\/de\/kontakt\/\" target=\"_self\" rel=\"noopener\">\n\t\t\t\t\t\t\tKontakt\n\t\t\t\t\t<\/a>\n\n","protected":false},"excerpt":{"rendered":"<p>Verkauf Neu gebaute Luxus Ferienvillen Der Verkauf von 18 Luxus Ferienvillen hat angefangen. F\u00fcr weitere Informationen klicken Sie auf den folgenden Link. Luxus Ferienvillen 18 Villen | Grundst\u00fccke 400 bis 600 m2 6 Villen verkauft 4 Typen | Wohnfl\u00e4che bis 120 m2 Klicke hier Bestehende Ferienh\u00e4user und Baugrundst\u00fccke Auf Bungalowpark Dirkshoeve werden regelm\u00e4\u00dfig bereits bestehende [&hellip;]<\/p>\n","protected":false},"author":2,"featured_media":0,"parent":0,"menu_order":0,"comment_status":"closed","ping_status":"closed","template":"","meta":{"_uag_custom_page_level_css":"","site-sidebar-layout":"no-sidebar","site-content-layout":"default","ast-site-content-layout":"default","site-content-style":"default","site-sidebar-style":"default","ast-global-header-display":"","ast-banner-title-visibility":"","ast-main-header-display":"","ast-hfb-above-header-display":"","ast-hfb-below-header-display":"","ast-hfb-mobile-header-display":"","site-post-title":"disabled","ast-breadcrumbs-content":"","ast-featured-img":"","footer-sml-layout":"","ast-disable-related-posts":"","theme-transparent-header-meta":"default","adv-header-id-meta":"","stick-header-meta":"","header-above-stick-meta":"","header-main-stick-meta":"","header-below-stick-meta":"","astra-migrate-meta-layouts":"set","ast-page-background-enabled":"default","ast-page-background-meta":{"desktop":{"background-color":"","background-image":"","background-repeat":"repeat","background-position":"center center","background-size":"auto","background-attachment":"scroll","background-type":"","background-media":"","overlay-type":"","overlay-color":"","overlay-opacity":"","overlay-gradient":""},"tablet":{"background-color":"","background-image":"","background-repeat":"repeat","background-position":"center center","background-size":"auto","background-attachment":"scroll","background-type":"","background-media":"","overlay-type":"","overlay-color":"","overlay-opacity":"","overlay-gradient":""},"mobile":{"background-color":"","background-image":"","background-repeat":"repeat","background-position":"center center","background-size":"auto","background-attachment":"scroll","background-type":"","background-media":"","overlay-type":"","overlay-color":"","overlay-opacity":"","overlay-gradient":""}},"ast-content-background-meta":{"desktop":{"background-color":"var(--ast-global-color-5)","background-image":"","background-repeat":"repeat","background-position":"center center","background-size":"auto","background-attachment":"scroll","background-type":"","background-media":"","overlay-type":"","overlay-color":"","overlay-opacity":"","overlay-gradient":""},"tablet":{"background-color":"var(--ast-global-color-5)","background-image":"","background-repeat":"repeat","background-position":"center center","background-size":"auto","background-attachment":"scroll","background-type":"","background-media":"","overlay-type":"","overlay-color":"","overlay-opacity":"","overlay-gradient":""},"mobile":{"background-color":"var(--ast-global-color-5)","background-image":"","background-repeat":"repeat","background-position":"center center","background-size":"auto","background-attachment":"scroll","background-type":"","background-media":"","overlay-type":"","overlay-color":"","overlay-opacity":"","overlay-gradient":""}},"footnotes":""},"class_list":["post-1710","page","type-page","status-publish","hentry"],"uagb_featured_image_src":{"full":false,"thumbnail":false,"medium":false,"medium_large":false,"large":false,"1536x1536":false,"2048x2048":false},"uagb_author_info":{"display_name":false,"author_link":"https:\/\/www.dirkshoeve.nl\/de\/author\/kirsten\/"},"uagb_comment_info":0,"uagb_excerpt":"Verkauf Neu gebaute Luxus Ferienvillen Der Verkauf von 18 Luxus Ferienvillen hat angefangen. F\u00fcr weitere Informationen klicken Sie auf den folgenden Link. Luxus Ferienvillen 18 Villen | Grundst\u00fccke 400 bis 600 m2 6 Villen verkauft 4 Typen | Wohnfl\u00e4che bis 120 m2 Klicke hier Bestehende Ferienh\u00e4user und Baugrundst\u00fccke Auf Bungalowpark Dirkshoeve werden regelm\u00e4\u00dfig bereits bestehende&hellip;","_links":{"self":[{"href":"https:\/\/www.dirkshoeve.nl\/de\/wp-json\/wp\/v2\/pages\/1710","targetHints":{"allow":["GET"]}}],"collection":[{"href":"https:\/\/www.dirkshoeve.nl\/de\/wp-json\/wp\/v2\/pages"}],"about":[{"href":"https:\/\/www.dirkshoeve.nl\/de\/wp-json\/wp\/v2\/types\/page"}],"author":[{"embeddable":true,"href":"https:\/\/www.dirkshoeve.nl\/de\/wp-json\/wp\/v2\/users\/2"}],"replies":[{"embeddable":true,"href":"https:\/\/www.dirkshoeve.nl\/de\/wp-json\/wp\/v2\/comments?post=1710"}],"version-history":[{"count":15,"href":"https:\/\/www.dirkshoeve.nl\/de\/wp-json\/wp\/v2\/pages\/1710\/revisions"}],"predecessor-version":[{"id":4565,"href":"https:\/\/www.dirkshoeve.nl\/de\/wp-json\/wp\/v2\/pages\/1710\/revisions\/4565"}],"wp:attachment":[{"href":"https:\/\/www.dirkshoeve.nl\/de\/wp-json\/wp\/v2\/media?parent=1710"}],"curies":[{"name":"wp","href":"https:\/\/api.w.org\/{rel}","templated":true}]}}