{"id":1712,"date":"2021-05-10T12:00:10","date_gmt":"2021-05-10T12:00:10","guid":{"rendered":"https:\/\/www.dirkshoeve.nl\/vermietung\/"},"modified":"2025-12-10T15:47:21","modified_gmt":"2025-12-10T15:47:21","slug":"vermietung","status":"publish","type":"page","link":"https:\/\/www.dirkshoeve.nl\/de\/vermietung\/","title":{"rendered":"Vermietung"},"content":{"rendered":"\n<h2  data-animation-delay=\"0\" data-animation-duration=\"5\">\n\t\t\tVerhuur\t<\/h2>\n\t<p>Voor een vakantie of voor een langere periode* (bv. ter overbrugging bij het wachten op een nieuwe woning) kunt u op Dirkshoeve recreatiewoningen huren. Op dit moment verhuren wij recreatiewoningen welke geschikt zijn voor 4 of 5 personen. Omdat de recreatiewoningen eigendom zijn van particuliere eigenaren verschilt de aankleding en inrichting per woning.<\/p>\n<p>De woningen zijn voorzien van een CV-installatie of warmtepomp, keuken, badkamer en internet &amp; televisie. De recreatiewoningen staan elk op een afgescheiden perceel. Honden** zijn op het park toegestaan (max. 1 hond per woning), echter niet alle huiseigenaren staan honden in hun woning toe.<\/p>\n<p><em>*Informatie betreffende verhuur voor een langere periode kan aangevraagd worden via het <strong><a href=\"https:\/\/www.dirkshoeve.nl\/contact\/\">Contactformulier<\/a><\/strong>.<\/em><\/p>\n<p><em>**Het op Bungalowpark Dirkshoeve houden van een hond die voorkomt op de lijst van hoog-risico honden of die overlast aan parkbewoners veroorzaakt is niet toegestaan.<\/em><\/p>\n\t<style type=\"text\/css\"> #gw_go_portfolio_verhuur .gw-gopf-posts-wrap-inner { margin-left:-30px;margin-top:-30px; } #gw_go_portfolio_verhuur .gw-gopf-filter-opacity .gw-gopf-col-wrap.gw-gopf-disabled { filter:alpha(opacity=30) !important;-ms-filter:\"progid:DXImageTransform.Microsoft.Alpha(Opacity=30)\" !important;-khtml-opacity:0.3 !important;-moz-opacity:0.3 !important;opacity:0.3 !important; } #gw_go_portfolio_verhuur .gw-gopf-post-col { margin-left:30px;margin-top:30px; } #gw_go_portfolio_verhuur .gw-gopf-cats { margin-bottom:20px !important; } #gw_go_portfolio_verhuur .gw-gopf-filter { margin-left:-6px; } #gw_go_portfolio_verhuur .gw-gopf-cats > span { margin-left:6px; } #gw_go_portfolio_verhuur .gw-gopf-slider-controls > div { margin-bottom:20px; } #gw_go_portfolio_verhuur .gw-gopf-slider-controls > div { margin-left:6px; } #gw_go_portfolio_verhuur .gw-gopf-post-overlay-bg { background-color:#333333; } #gw_go_portfolio_verhuur .gw-gopf-post-overlay-bg { filter:alpha(opacity=30);-ms-filter:\"progid:DXImageTransform.Microsoft.Alpha(Opacity=30)\";-khtml-opacity:0.3;-moz-opacity:0.3;opacity:0.3; } #gw_go_portfolio_verhuur .gw-gopf-post-content { text-align:left; } #gw_go_portfolio_verhuur .gw-gopf-post-more { text-align:left; } #gw_go_portfolio_verhuur .gw-gopf-pagination-wrapper { padding-top:20px; } #gw_go_portfolio_verhuur .gw-gopf-post-media-wrap img { left:50%;top:50%;-ms-transform: translateX(-50%) translateY(-50%) translateZ(0);transform: translateX(-50%) translateY(-50%) translateZ(0); } #gw_go_portfolio_verhuur .gw-gopf-post-media-wrap { background-position: 50% 50%; } #gw_go_portfolio_verhuur .gw-gopf-style-vario .gw-gopf-btn {color:#ffffff;background:#8daa62;-moz-border-radius:0px;-webkit-border-radius:0px;border-radius:0px;display:inline-block;font-family:inherit;font-size:16px;height:29px;line-height:29px;padding:0 9px;position:relative;text-align:left;-moz-transition:color 0.08s ease-in-out, background-color 0.08s ease-in-out, border-color 0.08s ease-in-out;-ms-transition:color 0.08s ease-in-out, background-color 0.08s ease-in-out, border-color 0.08s ease-in-out;-o-transition:color 0.08s ease-in-out, background-color 0.08s ease-in-out, border-color 0.08s ease-in-out;-webkit-transition:color 0.08s ease-in-out, background-color 0.08s ease-in-out, border-color 0.08s ease-in-out;transition:color 0.08s ease-in-out, background-color 0.08s ease-in-out, border-color 0.08s ease-in-out;text-decoration:none !important;} #gw_go_portfolio_verhuur .gw-gopf-style-vario a.gw-gopf-btn.gw-gopf-btn-outlined {color:#8daa62;background:transparent;border:solid 1px #8daa62;height:27px;line-height:27px;padding:0 8px;} #gw_go_portfolio_verhuur .gw-gopf-style-vario a.gw-gopf-btn:hover {color:#ffffff;background:#1c3664;} #gw_go_portfolio_verhuur .gw-gopf-style-vario a.gw-gopf-btn.gw-gopf-btn-outlined:hover {color:#1c3664;background:transparent;border-color:#1c3664;} #gw_go_portfolio_verhuur .gw-gopf-style-vario a.gw-gopf-circle {-moz-border-radius:22px;-webkit-border-radius:22px;border-radius:22px;display:inline-block;height:44px;line-height:44px;position: relative;margin-left:3px;margin-right:3px;-moz-transition:color 0.08s ease-in-out, background-color 0.08s ease-in-out, border-color 0.08s ease-in-out;-ms-transition:color 0.08s ease-in-out, background-color 0.08s ease-in-out, border-color 0.08s ease-in-out;-o-transition:color 0.08s ease-in-out, background-color 0.08s ease-in-out, border-color 0.08s ease-in-out;-webkit-transition:color 0.08s ease-in-out, background-color 0.08s ease-in-out, border-color 0.08s ease-in-out;transition:color 0.08s ease-in-out, background-color 0.08s ease-in-out, border-color 0.08s ease-in-out;width:44px;} #gw_go_portfolio_verhuur .gw-gopf-style-vario .gw-gopf-cats > span a {background:#1c3664;-moz-border-radius:0px;-webkit-border-radius:0px;border-radius:0px;color:#ffffff;display:block;font-family:inherit;font-size:16px;height:29px;line-height:29px;padding:0 10px;text-decoration:none;-moz-transition:color 0.08s ease-in-out, background-color 0.08s ease-in-out, border-color 0.08s ease-in-out;-ms-transition:color 0.08s ease-in-out, background-color 0.08s ease-in-out, border-color 0.08s ease-in-out;-o-transition:color 0.08s ease-in-out, background-color 0.08s ease-in-out, border-color 0.08s ease-in-out;-webkit-transition:color 0.08s ease-in-out, background-color 0.08s ease-in-out, border-color 0.08s ease-in-out;transition:color 0.08s ease-in-out, background-color 0.08s ease-in-out, border-color 0.08s ease-in-out;} #gw_go_portfolio_verhuur .gw-gopf-style-vario .gw-gopf-cats > span a.gw-gopf-btn-outlined {color:#1c3664;background:transparent;border:solid 1px #1c3664;height:27px;line-height:27px;padding:0 8px;} #gw_go_portfolio_verhuur .gw-gopf-style-vario .gw-gopf-cats > span.gw-gopf-current a { background:#8daa62;} #gw_go_portfolio_verhuur .gw-gopf-style-vario .gw-gopf-cats > span.gw-gopf-current a.gw-gopf-btn-outlined  { background:transparent;border-color:#8daa62;color:#8daa62;} #gw_go_portfolio_verhuur .gw-gopf-style-vario .gw-gopf-cats > span a:hover { background:#787878;} #gw_go_portfolio_verhuur .gw-gopf-style-vario .gw-gopf-cats > span a.gw-gopf-btn-outlined:hover { background:transparent;border-color:#787878;color:#787878;} #gw_go_portfolio_verhuur .gw-gopf-style-vario .gw-gopf-slider-controls > div a {background:#8daa62;-moz-border-radius:0px;-webkit-border-radius:0px;border-radius:0px;color:#ffffff;display:table-cell;height:29px;text-decoration:none;-moz-transition:color 0.08s ease-in-out, background-color 0.08s ease-in-out, border-color 0.08s ease-in-out;-ms-transition:color 0.08s ease-in-out, background-color 0.08s ease-in-out, border-color 0.08s ease-in-out;-o-transition:color 0.08s ease-in-out, background-color 0.08s ease-in-out, border-color 0.08s ease-in-out;-webkit-transition:color 0.08s ease-in-out, background-color 0.08s ease-in-out, border-color 0.08s ease-in-out;transition:color 0.08s ease-in-out, background-color 0.08s ease-in-out, border-color 0.08s ease-in-out;vertical-align:middle;width:28px;} #gw_go_portfolio_verhuur .gw-gopf-style-vario .gw-gopf-slider-controls > div a:hover {background:#1c3664;} #gw_go_portfolio_verhuur .gw-gopf-style-vario .gw-gopf-slider-controls > div a.disabled {background:#1c3664;} #gw_go_portfolio_verhuur .gw-gopf-style-vario a.gw-gopf-pagination-load-more {background:#1c3664;-moz-border-radius:0px;-webkit-border-radius:0px;border-radius:0px;color:#ffffff;display:inline-block;font-family:inherit;font-size:16px;height:29px;line-height:29px;padding:0 10px;text-decoration:none;-moz-transition:color 0.08s ease-in-out, background-color 0.08s ease-in-out, border-color 0.08s ease-in-out;-ms-transition:color 0.08s ease-in-out, background-color 0.08s ease-in-out, border-color 0.08s ease-in-out;-o-transition:color 0.08s ease-in-out, background-color 0.08s ease-in-out, border-color 0.08s ease-in-out;-webkit-transition:color 0.08s ease-in-out, background-color 0.08s ease-in-out, border-color 0.08s ease-in-out;transition:color 0.08s ease-in-out, background-color 0.08s ease-in-out, border-color 0.08s ease-in-out;} #gw_go_portfolio_verhuur .gw-gopf-style-vario a.gw-gopf-pagination-load-more.gw-gopf-btn-outlined {color:#1c3664;background:transparent;border:solid 1px #1c3664;height:27px;line-height:27px;padding:0 8px;} #gw_go_portfolio_verhuur .gw-gopf-style-vario a.gw-gopf-pagination-load-more:hover { background:#787878;} #gw_go_portfolio_verhuur .gw-gopf-style-vario a.gw-gopf-pagination-load-more.gw-gopf-btn-outlined:hover { background:transparent;border-color:#787878;color:#787878;} #gw_go_portfolio_verhuur .gw-gopf-style-vario .gw-gopf-post {-moz-border-radius:0px;-webkit-border-radius:0px;border-radius:0px;-moz-box-shadow:0 0 0px 0px rgba(0,0,0,0);-o-box-shadow:0 0 0px 0px rgba(0,0,0,0);-webkit-box-shadow:0 0 0px 0px rgba(0,0,0,0);box-shadow:0 0 0px 0px rgba(0,0,0,0);overflow:hidden;} #gw_go_portfolio_verhuur .gw-gopf-style-vario .gw-gopf-post-media-wrap {-moz-border-radius-topleft:0px;-moz-border-radius-topright:0px;-webkit-border-top-left-radius:0px;-webkit-border-top-right-radius:0px;border-top-left-radius:0px;border-top-right-radius:0px;} #gw_go_portfolio_verhuur .gw-gopf-style-vario .gw-gopf-post-overlay-bg {-moz-border-radius-topleft:0px;-moz-border-radius-topright:0px;-webkit-border-top-left-radius:0px;-webkit-border-top-right-radius:0px;border-top-left-radius:0px;border-top-right-radius:0px;} #gw_go_portfolio_verhuur .gw-gopf-style-vario a.gw-gopf-post-overlay-circle { background:#8daa62;} #gw_go_portfolio_verhuur .gw-gopf-style-vario a.gw-gopf-post-overlay-circle:hover { background:#1c3664;} #gw_go_portfolio_verhuur .gw-gopf-style-vario a.gw-gopf-post-overlay-btn {background:#8daa62;margin-left:3px;margin-right:3px;} #gw_go_portfolio_verhuur .gw-gopf-style-vario a.gw-gopf-post-overlay-btn.gw-gopf-btn-outlined  {background:transparent;border-color:#8daa62;color:#8daa62;} #gw_go_portfolio_verhuur .gw-gopf-style-vario a.gw-gopf-post-overlay-btn:hover {background:#1c3664;} #gw_go_portfolio_verhuur .gw-gopf-style-vario a.gw-gopf-post-overlay-btn.gw-gopf-btn-outlined:hover {background:transparent;border-color:#1c3664;color:#1c3664;} #gw_go_portfolio_verhuur .gw-gopf-style-vario .gw-gopf-post-content-wrap:before { -moz-border-radius-bottomleft:0px;-moz-border-radius-bottomright:0px;-webkit-border-bottom-left-radius:0px;-webkit-border-bottom-right-radius:0px;border-bottom-left-radius:0px;border-bottom-right-radius:0px;background-color:#f5f5f5;opacity:1;} #gw_go_portfolio_verhuur .gw-gopf-style-vario .gw-gopf-post-content { color:#1c3664;font-family:inherit;font-size:16px;line-height:24px;padding:20px;} #gw_go_portfolio_verhuur .gw-gopf-style-vario .gw-gopf-post-content a {color:#8daa62;} #gw_go_portfolio_verhuur .gw-gopf-style-vario .gw-gopf-post-content a:hover {color:#1c3664;} #gw_go_portfolio_verhuur .gw-gopf-style-vario .gw-gopf-post-content h2 {color:#1c3664 !important;font-family:inherit !important;font-size:19px !important;line-height:24px !important;} #gw_go_portfolio_verhuur .gw-gopf-style-vario .gw-gopf-post-content h2 a { color:inherit;font-size:inherit !important;line-height:inherit !important;} #gw_go_portfolio_verhuur .gw-gopf-style-vario .gw-gopf-post-content h2 a:hover { color:#8daa62; } #gw_go_portfolio_verhuur .gw-gopf-style-vario .gw-gopf-post-meta {color:#8daa62;font-family:inherit;font-size:1px;line-height:1px;} #gw_go_portfolio_verhuur .gw-gopf-style-vario .gw-gopf-post-excerpt { font-family:inherit;font-size:16px;line-height:24px !important;margin-top:15px} #gw_go_portfolio_verhuur .gw-gopf-style-vario .gw-gopf-post-excerpt p {font-family:inherit;font-size:16px;line-height:24px !important;margin:0 0 15px !important;padding:0 !important;} #gw_go_portfolio_verhuur .gw-gopf-style-vario .gw-gopf-post-excerpt p:last-child { margin:0 !important;padding:0 !important;} #gw_go_portfolio_verhuur .gw-gopf-style-vario .gw-gopf-post-more { margin-top:15px; } #gw_go_portfolio_verhuur .gw-gopf-style-vario .gw-gopf-post-more a {color:#8daa62;font-size:16px;margin-top:15px;font-weight:bold;} #gw_go_portfolio_verhuur .gw-gopf-style-vario .gw-gopf-post-more a:hover {color:#1c3664;font-size:16px;font-weight:bold;} #gw_go_portfolio_verhuur .gw-gopf-style-vario .gw-gopf-post-more a.gw-gopf-btn {color:#ffffff;font-weight:normal;margin-top:-3px;} #gw_go_portfolio_verhuur .gw-gopf-style-vario .gw-gopf-post-more a.gw-gopf-btn.gw-gopf-btn-outlined { color:#8daa62; } #gw_go_portfolio_verhuur .gw-gopf-style-vario .gw-gopf-post-more a.gw-gopf-btn.gw-gopf-btn-outlined:hover { color:#1c3664; } #gw_go_portfolio_verhuur .gw-gopf-style-vario .gw-gopf-post-more a.gw-gopf-btn { margin-left:10px } #gw_go_portfolio_verhuur .gw-gopf-style-vario .gw-gopf-post-more a.gw-gopf-btn:first-child { margin-left:0; } #gw_go_portfolio_verhuur .gw-gopf-style-vario .gw-gopf-post-content > *:first-child { margin-top:0 !important; } #gw_go_portfolio_verhuur .gw-gopf-style-vario div.gw-gopf-post-highlight-box, #gw_go_portfolio_verhuur  .gw-gopf-style-vario div.gw-gopf-post-highlight-box:first-child{background:#8daa62;padding:20px;margin:-20px -20px 20px !important;} #gw_go_portfolio_verhuur .gw-gopf-style-vario .gw-gopf-post-highlight-box * { color:#ffffff !important;} #gw_go_portfolio_verhuur .gw-gopf-style-vario .gw-gopf-post-highlight-box a:hover { color:#1c3664 !important;} #gw_go_portfolio_verhuur .gw-gopf-style-vario .gw-gopf-woo-sale, #gw_go_portfolio_verhuur  .gw-gopf-touch.gw-gopf-style-vario .gw-gopf-post:hover .gw-gopf-woo-sale {background:#8daa62;-moz-border-radius:22px;-webkit-border-radius:22px;border-radius:22px;color:#ffffff;display:inline-block;font-size:16px;height:44px;line-height:44px;position:absolute;right:10px;text-align:center;top:10px;-moz-transition:opacity 0.1s ease-in-out;-ms-transition:opacity 0.1s ease-in-out;-o-transition:opacity 0.1s ease-in-out;-webkit-transition:opacity 0.1s ease-in-out;transition:opacity 0.1s ease-in-out;width:44px;z-index:5;} #gw_go_portfolio_verhuur .gw-gopf-style-vario .gw-gopf-post:hover .gw-gopf-woo-sale, #gw_go_portfolio_verhuur .gw-gopf-touch.gw-gopf-style-vario .gw-gopf-current.gw-gopf-post .gw-gopf-woo-sale { filter:alpha(opacity=50); -ms-filter:\"progid:DXImageTransform.Microsoft.Alpha(Opacity=50)\"; -khtml-opacity:0.5; -moz-opacity:0.5; opacity:0.5; } #gw_go_portfolio_verhuur .gw-gopf-style-vario .gw-gopf-post-woo-price {color:#8daa62;font-size:1px;font-weight:bold;line-height:1px;margin-top:15px;} #gw_go_portfolio_verhuur .gw-gopf-style-vario .gw-gopf-post-woo-price del {background:none;color:#b8b8b8;font-size:19px;line-height:24px;margin-right:8px;text-decoration:line-through;} #gw_go_portfolio_verhuur .gw-gopf-style-vario .gw-gopf-post-woo-price ins { background:none;text-decoration:none !important;}<\/style>\n<style type=\"text\/css\">#gw_go_portfolio_verhuur .gw-gopf-style-vario .gw-gopf-post-content { color:((main_color_1)); font-family:((font_family_m)); font-size:((font_size_m))px; line-height:((line_height_m))px; padding:((post_padding))px; min-height: 240px;  }<\/style>\n<div id=\"gw_go_portfolio_verhuur\" style=\"margin-top:0;margin-bottom:0;\"><div class=\"gw-gopf gw-gopf-no-trans gw-gopf-grid-type gw-gopf-3cols gw-gopf-style-vario  \" data-layout-mode=\"fitRows\"data-url=\"https:\/\/www.dirkshoeve.nl\/wp-admin\/admin-ajax.php\" data-id=\"606aeb822879c\" data-cols=\"3\" data-rowspace=\"30\" data-rtl=\"false\" data-transenabled=\"true\" data-lbenabled=\"true\" data-lbgallery=\"true\" data-deep-linking=\"true\"  data-filter-type=\"isotope\"><div class=\"gw-gopf-posts-wrap\"><div class=\"gw-gopf-posts-wrap-inner\"><div class=\"gw-gopf-posts gw-gopf-clearfix\" data-col=\"3\"><div id=\"3985\" class=\"gw-gopf-col-wrap\" data-filter=\"vermietung\"><div class=\"gw-gopf-post-col\"><div class=\"gw-gopf-post\"><div class=\"gw-gopf-post-header\"><div class=\"gw-gopf-post-overlay\"><\/div><a href=\"https:\/\/www.dirkshoeve.nl\/de\/type-plevier\/\" class=\"gw-gopf-post-overlay gw-gopf-post-overlay-link\"><\/a><div class=\"gw-gopf-post-media-wrap-outer\"><div class=\"gw-gopf-post-media-wrap\"  style=\" height:0; padding-bottom:75%\"><img decoding=\"async\" class=\"\" src=\"data:image\/gif;base64,R0lGODlhAQABAIAAAAAAAP\/\/\/yH5BAEAAAAALAAAAAABAAEAAAIBRAA7\" alt=\"02\" data-src=\"https:\/\/www.dirkshoeve.nl\/wp-content\/uploads\/02-2-e1693838486629.jpg\" data-id=\"3864\" data-width=\"2160\" data-height=\"1440\" data-img-aspect-ratio=\"0.66666666666667\" data-view-aspect-ratio=\"0.75\" data-orientation=\"landscape\"><\/div><\/div><\/div><div class=\"gw-gopf-post-content-wrap\"><div class=\"gw-gopf-post-content\"><div class=\"gw-gopf-post-title\"><h2><a href=\"https:\/\/www.dirkshoeve.nl\/de\/type-plevier\/\" target=\"_self\">Typ Plevier (Ferien- und Langzeitvermietung)<\/a><\/h2><\/div><div class=\"gw-gopf-post-excerpt\">&#8230; Virtueller Rundgang &nbsp; Wenn Sie weiter an dieser Ferienvilla interessiert sind, kontaktieren\u00a0Sie uns bitte f\u00fcr Informationen \u00fcber die Parkgeb\u00fchren...<\/div><div class=\"gw-gopf-post-more\"><a href=\"https:\/\/www.dirkshoeve.nl\/de\/type-plevier\/\" class=\"\" target=\"_self\">Lees meer<\/a><\/div><\/div><\/div><\/div><\/div><\/div><div id=\"3673\" class=\"gw-gopf-col-wrap\" data-filter=\"vermietung\"><div class=\"gw-gopf-post-col\"><div class=\"gw-gopf-post\"><div class=\"gw-gopf-post-header\"><div class=\"gw-gopf-post-overlay\"><\/div><a href=\"https:\/\/www.dirkshoeve.nl\/de\/typ-kievit\/\" class=\"gw-gopf-post-overlay gw-gopf-post-overlay-link\"><\/a><div class=\"gw-gopf-post-media-wrap-outer\"><div class=\"gw-gopf-post-media-wrap\"  style=\" height:0; padding-bottom:75%\"><img decoding=\"async\" class=\"\" src=\"data:image\/gif;base64,R0lGODlhAQABAIAAAAAAAP\/\/\/yH5BAEAAAAALAAAAAABAAEAAAIBRAA7\" alt=\"H002 - aanzicht voor 4\" data-src=\"https:\/\/www.dirkshoeve.nl\/wp-content\/uploads\/H002-aanzicht-voor-4-e1763560774274.webp\" data-id=\"4950\" data-width=\"960\" data-height=\"720\" data-img-aspect-ratio=\"0.75\" data-view-aspect-ratio=\"0.75\" data-orientation=\"portrait\"><\/div><\/div><\/div><div class=\"gw-gopf-post-content-wrap\"><div class=\"gw-gopf-post-content\"><div class=\"gw-gopf-post-title\"><h2><a href=\"https:\/\/www.dirkshoeve.nl\/de\/typ-kievit\/\" target=\"_self\">Typ Kievit<\/a><\/h2><\/div><div class=\"gw-gopf-post-excerpt\">Deze recent gerenoveerde recreatiewoning met een woonoppervlakte van 100 m2 staat op een ruim perceel met een mooie tuin. De...<\/div><div class=\"gw-gopf-post-more\"><a href=\"https:\/\/www.dirkshoeve.nl\/de\/typ-kievit\/\" class=\"\" target=\"_self\">Lees meer<\/a><\/div><\/div><\/div><\/div><\/div><\/div><div id=\"3179\" class=\"gw-gopf-col-wrap\" data-filter=\"vermietung\"><div class=\"gw-gopf-post-col\"><div class=\"gw-gopf-post\"><div class=\"gw-gopf-post-header\"><div class=\"gw-gopf-post-overlay\"><\/div><a href=\"https:\/\/www.dirkshoeve.nl\/de\/typ-goudvink\/\" class=\"gw-gopf-post-overlay gw-gopf-post-overlay-link\"><\/a><div class=\"gw-gopf-post-media-wrap-outer\"><div class=\"gw-gopf-post-media-wrap\"  style=\" height:0; padding-bottom:75%\"><img decoding=\"async\" class=\"\" src=\"data:image\/gif;base64,R0lGODlhAQABAIAAAAAAAP\/\/\/yH5BAEAAAAALAAAAAABAAEAAAIBRAA7\" alt=\"441904_lsr_2023052473353817363\" data-src=\"https:\/\/www.dirkshoeve.nl\/wp-content\/uploads\/441904_lsr_2023052473353817363-e1765377277927.webp\" data-id=\"5000\" data-width=\"960\" data-height=\"720\" data-img-aspect-ratio=\"0.75\" data-view-aspect-ratio=\"0.75\" data-orientation=\"portrait\"><\/div><\/div><\/div><div class=\"gw-gopf-post-content-wrap\"><div class=\"gw-gopf-post-content\"><div class=\"gw-gopf-post-title\"><h2><a href=\"https:\/\/www.dirkshoeve.nl\/de\/typ-goudvink\/\" target=\"_self\">Typ Wulp<\/a><\/h2><\/div><div class=\"gw-gopf-post-excerpt\">Zu vermieten, neue luxuri\u00f6se 6-Personen Ferienvilla. Erholung Villa Grutto bietet ein \u00dcberma\u00df an Platz. K\u00fcche, Ess- und Wohnzimmer gehen flie\u00dfend...<\/div><div class=\"gw-gopf-post-more\"><a href=\"https:\/\/www.dirkshoeve.nl\/de\/typ-goudvink\/\" class=\"\" target=\"_self\">Lees meer<\/a><\/div><\/div><\/div><\/div><\/div><\/div><div id=\"1835\" class=\"gw-gopf-col-wrap\" data-filter=\"vermietung\"><div class=\"gw-gopf-post-col\"><div class=\"gw-gopf-post\"><div class=\"gw-gopf-post-header\"><div class=\"gw-gopf-post-overlay\"><\/div><a href=\"https:\/\/www.dirkshoeve.nl\/de\/klasse-ii-typ-forsythia\/\" class=\"gw-gopf-post-overlay gw-gopf-post-overlay-link\"><\/a><div class=\"gw-gopf-post-media-wrap-outer\"><div class=\"gw-gopf-post-media-wrap\"  style=\" height:0; padding-bottom:75%\"><img decoding=\"async\" class=\"\" src=\"data:image\/gif;base64,R0lGODlhAQABAIAAAAAAAP\/\/\/yH5BAEAAAAALAAAAAABAAEAAAIBRAA7\" alt=\"Forsythia\" data-src=\"https:\/\/www.dirkshoeve.nl\/wp-content\/uploads\/Forsythia-01-scaled-e1617622348728.jpeg\" data-id=\"1519\" data-width=\"900\" data-height=\"675\" data-img-aspect-ratio=\"0.75\" data-view-aspect-ratio=\"0.75\" data-orientation=\"portrait\"><\/div><\/div><\/div><div class=\"gw-gopf-post-content-wrap\"><div class=\"gw-gopf-post-content\"><div class=\"gw-gopf-post-title\"><h2><a href=\"https:\/\/www.dirkshoeve.nl\/de\/klasse-ii-typ-forsythia\/\" target=\"_self\">Typ Forsythia<\/a><\/h2><\/div><div class=\"gw-gopf-post-excerpt\">Typ Forsythia Diese Seite informiert Sie \u00fcber die sch\u00f6ne holz Ferienh\u00e4user Typ Forsythia die auf Bungalowpark Dirkshoeve zu mieten sind....<\/div><div class=\"gw-gopf-post-more\"><a href=\"https:\/\/www.dirkshoeve.nl\/de\/klasse-ii-typ-forsythia\/\" class=\"\" target=\"_self\">Lees meer<\/a><\/div><\/div><\/div><\/div><\/div><\/div><\/div><\/div><\/div><div class=\"gw-gopf-clearfix\"><\/div><div class=\"gw-gopf-pagination-wrapper gw-gopf-clearfix\" data-posts=\"4\" data-posts-per-page=\"4\" data-loaded=\"3985,3673,3179,1835\" data-pages=\"1\" data-current-page=\"1\" data-current-id=\"1835\"><\/div><\/div><\/div>\n\n","protected":false},"excerpt":{"rendered":"<p>Verhuur Voor een vakantie of voor een langere periode* (bv. ter overbrugging bij het wachten op een nieuwe woning) kunt u op Dirkshoeve recreatiewoningen huren. Op dit moment verhuren wij recreatiewoningen welke geschikt zijn voor 4 of 5 personen. Omdat de recreatiewoningen eigendom zijn van particuliere eigenaren verschilt de aankleding en inrichting per woning. De [&hellip;]<\/p>\n","protected":false},"author":2,"featured_media":0,"parent":0,"menu_order":0,"comment_status":"closed","ping_status":"closed","template":"","meta":{"_uag_custom_page_level_css":"","site-sidebar-layout":"no-sidebar","site-content-layout":"default","ast-site-content-layout":"default","site-content-style":"default","site-sidebar-style":"default","ast-global-header-display":"","ast-banner-title-visibility":"","ast-main-header-display":"","ast-hfb-above-header-display":"","ast-hfb-below-header-display":"","ast-hfb-mobile-header-display":"","site-post-title":"disabled","ast-breadcrumbs-content":"","ast-featured-img":"","footer-sml-layout":"","ast-disable-related-posts":"","theme-transparent-header-meta":"default","adv-header-id-meta":"","stick-header-meta":"","header-above-stick-meta":"","header-main-stick-meta":"","header-below-stick-meta":"","astra-migrate-meta-layouts":"default","ast-page-background-enabled":"default","ast-page-background-meta":{"desktop":{"background-color":"","background-image":"","background-repeat":"repeat","background-position":"center center","background-size":"auto","background-attachment":"scroll","background-type":"","background-media":"","overlay-type":"","overlay-color":"","overlay-opacity":"","overlay-gradient":""},"tablet":{"background-color":"","background-image":"","background-repeat":"repeat","background-position":"center center","background-size":"auto","background-attachment":"scroll","background-type":"","background-media":"","overlay-type":"","overlay-color":"","overlay-opacity":"","overlay-gradient":""},"mobile":{"background-color":"","background-image":"","background-repeat":"repeat","background-position":"center center","background-size":"auto","background-attachment":"scroll","background-type":"","background-media":"","overlay-type":"","overlay-color":"","overlay-opacity":"","overlay-gradient":""}},"ast-content-background-meta":{"desktop":{"background-color":"var(--ast-global-color-5)","background-image":"","background-repeat":"repeat","background-position":"center center","background-size":"auto","background-attachment":"scroll","background-type":"","background-media":"","overlay-type":"","overlay-color":"","overlay-opacity":"","overlay-gradient":""},"tablet":{"background-color":"var(--ast-global-color-5)","background-image":"","background-repeat":"repeat","background-position":"center center","background-size":"auto","background-attachment":"scroll","background-type":"","background-media":"","overlay-type":"","overlay-color":"","overlay-opacity":"","overlay-gradient":""},"mobile":{"background-color":"var(--ast-global-color-5)","background-image":"","background-repeat":"repeat","background-position":"center center","background-size":"auto","background-attachment":"scroll","background-type":"","background-media":"","overlay-type":"","overlay-color":"","overlay-opacity":"","overlay-gradient":""}},"footnotes":""},"class_list":["post-1712","page","type-page","status-publish","hentry"],"uagb_featured_image_src":{"full":false,"thumbnail":false,"medium":false,"medium_large":false,"large":false,"1536x1536":false,"2048x2048":false},"uagb_author_info":{"display_name":false,"author_link":"https:\/\/www.dirkshoeve.nl\/de\/author\/kirsten\/"},"uagb_comment_info":0,"uagb_excerpt":"Verhuur Voor een vakantie of voor een langere periode* (bv. ter overbrugging bij het wachten op een nieuwe woning) kunt u op Dirkshoeve recreatiewoningen huren. Op dit moment verhuren wij recreatiewoningen welke geschikt zijn voor 4 of 5 personen. Omdat de recreatiewoningen eigendom zijn van particuliere eigenaren verschilt de aankleding en inrichting per woning. De&hellip;","_links":{"self":[{"href":"https:\/\/www.dirkshoeve.nl\/de\/wp-json\/wp\/v2\/pages\/1712","targetHints":{"allow":["GET"]}}],"collection":[{"href":"https:\/\/www.dirkshoeve.nl\/de\/wp-json\/wp\/v2\/pages"}],"about":[{"href":"https:\/\/www.dirkshoeve.nl\/de\/wp-json\/wp\/v2\/types\/page"}],"author":[{"embeddable":true,"href":"https:\/\/www.dirkshoeve.nl\/de\/wp-json\/wp\/v2\/users\/2"}],"replies":[{"embeddable":true,"href":"https:\/\/www.dirkshoeve.nl\/de\/wp-json\/wp\/v2\/comments?post=1712"}],"version-history":[{"count":11,"href":"https:\/\/www.dirkshoeve.nl\/de\/wp-json\/wp\/v2\/pages\/1712\/revisions"}],"predecessor-version":[{"id":5062,"href":"https:\/\/www.dirkshoeve.nl\/de\/wp-json\/wp\/v2\/pages\/1712\/revisions\/5062"}],"wp:attachment":[{"href":"https:\/\/www.dirkshoeve.nl\/de\/wp-json\/wp\/v2\/media?parent=1712"}],"curies":[{"name":"wp","href":"https:\/\/api.w.org\/{rel}","templated":true}]}}