{"id":1714,"date":"2021-05-10T12:04:38","date_gmt":"2021-05-10T12:04:38","guid":{"rendered":"https:\/\/www.dirkshoeve.nl\/rezeption\/"},"modified":"2024-08-08T07:40:59","modified_gmt":"2024-08-08T07:40:59","slug":"rezeption","status":"publish","type":"page","link":"https:\/\/www.dirkshoeve.nl\/de\/rezeption\/","title":{"rendered":"Rezeption"},"content":{"rendered":"\n<h2>\n\t\tRezeption\n\t<\/h2>\n\t\t\t\t<a href=\"https:\/\/www.dirkshoeve.nl\/wp-content\/uploads\/20200915_123455-Cropped-1.jpg\" target=\"_self\" itemprop=\"url\" rel=\"noopener\">\n\t\t\t\t<img loading=\"lazy\" decoding=\"async\" src=\"https:\/\/www.dirkshoeve.nl\/wp-content\/uploads\/20200915_123455-Cropped-1.jpg\" alt=\"receptie\" itemprop=\"image\" height=\"506\" width=\"900\" title=\"receptie\" onerror=\"this.style.display='none'\"  \/>\n\t\t\t\t<\/a>\n\t\t\t\t<a href=\"https:\/\/www.dirkshoeve.nl\/wp-content\/uploads\/20220508_112640-1-scaled-e1653315280696.jpg\" target=\"_self\" itemprop=\"url\" rel=\"noopener\">\n\t\t\t\t<img loading=\"lazy\" decoding=\"async\" src=\"https:\/\/www.dirkshoeve.nl\/wp-content\/uploads\/20220508_112640-1-scaled-e1653315280696.jpg\" alt=\"20220508_112640\" itemprop=\"image\" height=\"1441\" width=\"2560\" title=\"20220508_112640\" onerror=\"this.style.display='none'\"  \/>\n\t\t\t\t<\/a>\n\t<div id=\"footable_parent_1737\"\n         class=\" footable_parent ninja_table_wrapper loading_ninja_table wp_table_data_press_parent semantic_ui \">\n                    <h3 class=\"table_title footable_title\">\u00d6ffnungszeiten<\/h3>\n                        <table data-ninja_table_instance=\"ninja_table_instance_0\" data-footable_id=\"1737\" data-filter-delay=\"1000\" aria-label=\"\u00d6ffnungszeiten\"            id=\"footable_1737\"\n           data-unique_identifier=\"ninja_table_unique_id_1332333701_1737\"\n           class=\" foo-table ninja_footable foo_table_1737 ninja_table_unique_id_1332333701_1737 ui table  nt_type_ajax_table selectable celled hide_horizonal_borders compact vertical_centered  footable-paging-right ninja_table_search_disabled\">\n                <colgroup>\n                            <col class=\"ninja_column_0 \">\n                            <col class=\"ninja_column_1 \">\n                            <col class=\"ninja_column_2 \">\n                    <\/colgroup>\n            <\/table>\n    \n    \n    \n<\/div>\n\n\t<p>Zahlungen k\u00f6nnen nur durch das Scannen eines QR-Codes vorgenommen werden.<\/p>\n<p><img loading=\"lazy\" decoding=\"async\" src=\"https:\/\/www.dirkshoeve.nl\/wp-content\/uploads\/\/QR-code-300x300.png\" alt=\"\" width=\"80\" height=\"80\" \/><\/p>\nWir sind an Feiertagen geschlossen.<br \/>\nAu\u00dferhalb der \u00d6ffnungszeiten nach Vereinbarung.\n\t\t\t<a href=\"http:\/\/www.dirkshoeve.nl\/de\/kontakt\" target=\"_self\" rel=\"noopener\">\n\t\t\t\t\t\t\tKontakt\n\t\t\t\t\t<\/a>\n\n","protected":false},"excerpt":{"rendered":"<p>Rezeption Zahlungen k\u00f6nnen nur durch das Scannen eines QR-Codes vorgenommen werden. Wir sind an Feiertagen geschlossen. Au\u00dferhalb der \u00d6ffnungszeiten nach Vereinbarung. Kontakt<\/p>\n","protected":false},"author":2,"featured_media":0,"parent":0,"menu_order":0,"comment_status":"closed","ping_status":"closed","template":"","meta":{"_uag_custom_page_level_css":"","site-sidebar-layout":"no-sidebar","site-content-layout":"default","ast-site-content-layout":"default","site-content-style":"default","site-sidebar-style":"default","ast-global-header-display":"","ast-banner-title-visibility":"","ast-main-header-display":"","ast-hfb-above-header-display":"","ast-hfb-below-header-display":"","ast-hfb-mobile-header-display":"","site-post-title":"disabled","ast-breadcrumbs-content":"","ast-featured-img":"","footer-sml-layout":"","ast-disable-related-posts":"","theme-transparent-header-meta":"default","adv-header-id-meta":"","stick-header-meta":"","header-above-stick-meta":"","header-main-stick-meta":"","header-below-stick-meta":"","astra-migrate-meta-layouts":"default","ast-page-background-enabled":"default","ast-page-background-meta":{"desktop":{"background-color":"","background-image":"","background-repeat":"repeat","background-position":"center center","background-size":"auto","background-attachment":"scroll","background-type":"","background-media":"","overlay-type":"","overlay-color":"","overlay-opacity":"","overlay-gradient":""},"tablet":{"background-color":"","background-image":"","background-repeat":"repeat","background-position":"center center","background-size":"auto","background-attachment":"scroll","background-type":"","background-media":"","overlay-type":"","overlay-color":"","overlay-opacity":"","overlay-gradient":""},"mobile":{"background-color":"","background-image":"","background-repeat":"repeat","background-position":"center center","background-size":"auto","background-attachment":"scroll","background-type":"","background-media":"","overlay-type":"","overlay-color":"","overlay-opacity":"","overlay-gradient":""}},"ast-content-background-meta":{"desktop":{"background-color":"var(--ast-global-color-5)","background-image":"","background-repeat":"repeat","background-position":"center center","background-size":"auto","background-attachment":"scroll","background-type":"","background-media":"","overlay-type":"","overlay-color":"","overlay-opacity":"","overlay-gradient":""},"tablet":{"background-color":"var(--ast-global-color-5)","background-image":"","background-repeat":"repeat","background-position":"center center","background-size":"auto","background-attachment":"scroll","background-type":"","background-media":"","overlay-type":"","overlay-color":"","overlay-opacity":"","overlay-gradient":""},"mobile":{"background-color":"var(--ast-global-color-5)","background-image":"","background-repeat":"repeat","background-position":"center center","background-size":"auto","background-attachment":"scroll","background-type":"","background-media":"","overlay-type":"","overlay-color":"","overlay-opacity":"","overlay-gradient":""}},"footnotes":""},"class_list":["post-1714","page","type-page","status-publish","hentry"],"uagb_featured_image_src":{"full":false,"thumbnail":false,"medium":false,"medium_large":false,"large":false,"1536x1536":false,"2048x2048":false},"uagb_author_info":{"display_name":false,"author_link":"https:\/\/www.dirkshoeve.nl\/de\/author\/kirsten\/"},"uagb_comment_info":0,"uagb_excerpt":"Rezeption Zahlungen k\u00f6nnen nur durch das Scannen eines QR-Codes vorgenommen werden. Wir sind an Feiertagen geschlossen. Au\u00dferhalb der \u00d6ffnungszeiten nach Vereinbarung. Kontakt","_links":{"self":[{"href":"https:\/\/www.dirkshoeve.nl\/de\/wp-json\/wp\/v2\/pages\/1714","targetHints":{"allow":["GET"]}}],"collection":[{"href":"https:\/\/www.dirkshoeve.nl\/de\/wp-json\/wp\/v2\/pages"}],"about":[{"href":"https:\/\/www.dirkshoeve.nl\/de\/wp-json\/wp\/v2\/types\/page"}],"author":[{"embeddable":true,"href":"https:\/\/www.dirkshoeve.nl\/de\/wp-json\/wp\/v2\/users\/2"}],"replies":[{"embeddable":true,"href":"https:\/\/www.dirkshoeve.nl\/de\/wp-json\/wp\/v2\/comments?post=1714"}],"version-history":[{"count":18,"href":"https:\/\/www.dirkshoeve.nl\/de\/wp-json\/wp\/v2\/pages\/1714\/revisions"}],"predecessor-version":[{"id":4567,"href":"https:\/\/www.dirkshoeve.nl\/de\/wp-json\/wp\/v2\/pages\/1714\/revisions\/4567"}],"wp:attachment":[{"href":"https:\/\/www.dirkshoeve.nl\/de\/wp-json\/wp\/v2\/media?parent=1714"}],"curies":[{"name":"wp","href":"https:\/\/api.w.org\/{rel}","templated":true}]}}