{"id":2077,"date":"2021-06-30T10:26:25","date_gmt":"2021-06-30T10:26:25","guid":{"rendered":"https:\/\/www.dirkshoeve.nl\/information-verkauf-neubau\/"},"modified":"2024-07-12T15:19:05","modified_gmt":"2024-07-12T15:19:05","slug":"promotion","status":"publish","type":"page","link":"https:\/\/www.dirkshoeve.nl\/de\/promotion\/","title":{"rendered":"Information Verkauf Neubau"},"content":{"rendered":"\n<h2>\n\t\tInformation Verkauf Neubau\n\t<\/h2>\n\tF\u00fcr weitere Informationen \u00fcber die neu gebauten Ferienvillen, die im Bungalowpark Dirkshoeve gebaut werden, k\u00f6nnen Sie die Verkaufsprospekt und die zugeh\u00f6rige Preisliste unten herunterladen.\n\t\t\t<a href=\"https:\/\/www.dirkshoeve.nl\/wp-content\/uploads\/Dirkshoeve-verkoop-brochure-D-v2202.pdf\" target=\"_blank\" role=\"button\" rel=\"noopener\">\n\t\t\t\t\t\t\tProspekt\n\t\t\t\t\t<\/a>\n\t\t\t<a href=\"https:\/\/www.dirkshoeve.nl\/wp-content\/uploads\/RWnw-prijslijst-per-220415-D.pdf\" target=\"_blank\" role=\"button\" rel=\"noopener\">\n\t\t\t\t\t\t\tPreisliste\n\t\t\t\t\t<\/a>\n","protected":false},"excerpt":{"rendered":"<p>Information Verkauf Neubau F\u00fcr weitere Informationen \u00fcber die neu gebauten Ferienvillen, die im Bungalowpark Dirkshoeve gebaut werden, k\u00f6nnen Sie die Verkaufsprospekt und die zugeh\u00f6rige Preisliste unten herunterladen. Prospekt Preisliste<\/p>\n","protected":false},"author":2,"featured_media":0,"parent":0,"menu_order":0,"comment_status":"closed","ping_status":"closed","template":"","meta":{"_uag_custom_page_level_css":"","site-sidebar-layout":"default","site-content-layout":"default","ast-site-content-layout":"default","site-content-style":"default","site-sidebar-style":"default","ast-global-header-display":"","ast-banner-title-visibility":"","ast-main-header-display":"","ast-hfb-above-header-display":"","ast-hfb-below-header-display":"","ast-hfb-mobile-header-display":"","site-post-title":"disabled","ast-breadcrumbs-content":"","ast-featured-img":"","footer-sml-layout":"","ast-disable-related-posts":"","theme-transparent-header-meta":"default","adv-header-id-meta":"","stick-header-meta":"","header-above-stick-meta":"","header-main-stick-meta":"","header-below-stick-meta":"","astra-migrate-meta-layouts":"set","ast-page-background-enabled":"default","ast-page-background-meta":{"desktop":{"background-color":"","background-image":"","background-repeat":"repeat","background-position":"center center","background-size":"auto","background-attachment":"scroll","background-type":"","background-media":"","overlay-type":"","overlay-color":"","overlay-opacity":"","overlay-gradient":""},"tablet":{"background-color":"","background-image":"","background-repeat":"repeat","background-position":"center center","background-size":"auto","background-attachment":"scroll","background-type":"","background-media":"","overlay-type":"","overlay-color":"","overlay-opacity":"","overlay-gradient":""},"mobile":{"background-color":"","background-image":"","background-repeat":"repeat","background-position":"center center","background-size":"auto","background-attachment":"scroll","background-type":"","background-media":"","overlay-type":"","overlay-color":"","overlay-opacity":"","overlay-gradient":""}},"ast-content-background-meta":{"desktop":{"background-color":"var(--ast-global-color-5)","background-image":"","background-repeat":"repeat","background-position":"center center","background-size":"auto","background-attachment":"scroll","background-type":"","background-media":"","overlay-type":"","overlay-color":"","overlay-opacity":"","overlay-gradient":""},"tablet":{"background-color":"var(--ast-global-color-5)","background-image":"","background-repeat":"repeat","background-position":"center center","background-size":"auto","background-attachment":"scroll","background-type":"","background-media":"","overlay-type":"","overlay-color":"","overlay-opacity":"","overlay-gradient":""},"mobile":{"background-color":"var(--ast-global-color-5)","background-image":"","background-repeat":"repeat","background-position":"center center","background-size":"auto","background-attachment":"scroll","background-type":"","background-media":"","overlay-type":"","overlay-color":"","overlay-opacity":"","overlay-gradient":""}},"footnotes":""},"class_list":["post-2077","page","type-page","status-publish","hentry"],"uagb_featured_image_src":{"full":false,"thumbnail":false,"medium":false,"medium_large":false,"large":false,"1536x1536":false,"2048x2048":false},"uagb_author_info":{"display_name":false,"author_link":"https:\/\/www.dirkshoeve.nl\/de\/author\/kirsten\/"},"uagb_comment_info":0,"uagb_excerpt":"Information Verkauf Neubau F\u00fcr weitere Informationen \u00fcber die neu gebauten Ferienvillen, die im Bungalowpark Dirkshoeve gebaut werden, k\u00f6nnen Sie die Verkaufsprospekt und die zugeh\u00f6rige Preisliste unten herunterladen. Prospekt Preisliste","_links":{"self":[{"href":"https:\/\/www.dirkshoeve.nl\/de\/wp-json\/wp\/v2\/pages\/2077","targetHints":{"allow":["GET"]}}],"collection":[{"href":"https:\/\/www.dirkshoeve.nl\/de\/wp-json\/wp\/v2\/pages"}],"about":[{"href":"https:\/\/www.dirkshoeve.nl\/de\/wp-json\/wp\/v2\/types\/page"}],"author":[{"embeddable":true,"href":"https:\/\/www.dirkshoeve.nl\/de\/wp-json\/wp\/v2\/users\/2"}],"replies":[{"embeddable":true,"href":"https:\/\/www.dirkshoeve.nl\/de\/wp-json\/wp\/v2\/comments?post=2077"}],"version-history":[{"count":8,"href":"https:\/\/www.dirkshoeve.nl\/de\/wp-json\/wp\/v2\/pages\/2077\/revisions"}],"predecessor-version":[{"id":4411,"href":"https:\/\/www.dirkshoeve.nl\/de\/wp-json\/wp\/v2\/pages\/2077\/revisions\/4411"}],"wp:attachment":[{"href":"https:\/\/www.dirkshoeve.nl\/de\/wp-json\/wp\/v2\/media?parent=2077"}],"curies":[{"name":"wp","href":"https:\/\/api.w.org\/{rel}","templated":true}]}}